{"id":2729,"date":"2026-03-14T21:21:24","date_gmt":"2026-03-14T20:21:24","guid":{"rendered":"https:\/\/brightmountadventure.com\/?page_id=2729"},"modified":"2026-03-14T21:23:03","modified_gmt":"2026-03-14T20:23:03","slug":"zapis-na-wycieczke-jednodniowa","status":"publish","type":"page","link":"https:\/\/brightmountadventure.com\/en\/zapis-na-wycieczke-jednodniowa\/","title":{"rendered":"Zapis na wycieczk\u0119 jednodniow\u0105"},"content":{"rendered":"<div data-elementor-type=\"wp-page\" data-elementor-id=\"2729\" class=\"elementor elementor-2729\" data-elementor-post-type=\"page\">\n\t\t\t\t<div class=\"elementor-element elementor-element-a9fede2 e-flex e-con-boxed e-con e-parent\" data-id=\"a9fede2\" data-element_type=\"container\" data-e-type=\"container\" data-settings=\"{&quot;background_background&quot;:&quot;classic&quot;,&quot;position&quot;:&quot;fixed&quot;}\">\n\t\t\t\t\t<div class=\"e-con-inner\">\n\t\t\t\t\t<\/div>\n\t\t\t\t<\/div>\n\t\t<div class=\"elementor-element elementor-element-5fce4f3 e-con-full e-flex e-con e-parent\" data-id=\"5fce4f3\" data-element_type=\"container\" data-e-type=\"container\" data-settings=\"{&quot;background_background&quot;:&quot;classic&quot;}\">\n\t\t<div class=\"elementor-element elementor-element-9e9f691 e-con-full e-flex e-con e-child\" data-id=\"9e9f691\" data-element_type=\"container\" data-e-type=\"container\" data-settings=\"{&quot;background_background&quot;:&quot;classic&quot;}\">\n\t\t\t\t<div class=\"elementor-element elementor-element-78ac037 animated-slow elementor-invisible elementor-widget elementor-widget-heading\" data-id=\"78ac037\" data-element_type=\"widget\" data-e-type=\"widget\" data-settings=\"{&quot;_animation&quot;:&quot;fadeIn&quot;}\" data-widget_type=\"heading.default\">\n\t\t\t\t\t<h1 class=\"elementor-heading-title elementor-size-default\">Sign up for the trip<\/h1>\t\t\t\t<\/div>\n\t\t\t\t<div class=\"elementor-element elementor-element-6ea5a11 animated-slow elementor-invisible elementor-widget elementor-widget-heading\" data-id=\"6ea5a11\" data-element_type=\"widget\" data-e-type=\"widget\" data-settings=\"{&quot;_animation&quot;:&quot;fadeIn&quot;}\" data-widget_type=\"heading.default\">\n\t\t\t\t\t<h2 class=\"elementor-heading-title elementor-size-default\">The final step before your one-day adventure<\/h2>\t\t\t\t<\/div>\n\t\t\t\t<\/div>\n\t\t<div class=\"elementor-element elementor-element-a8e360d wycieczki e-flex e-con-boxed e-con e-child\" data-id=\"a8e360d\" data-element_type=\"container\" data-e-type=\"container\" data-settings=\"{&quot;background_background&quot;:&quot;classic&quot;}\">\n\t\t\t\t\t<div class=\"e-con-inner\">\n\t\t<div class=\"elementor-element elementor-element-2f86c3f e-con-full e-flex e-con e-child\" data-id=\"2f86c3f\" data-element_type=\"container\" data-e-type=\"container\">\n\t\t\t\t<div class=\"elementor-element elementor-element-de6094b animated-slow elementor-invisible elementor-widget elementor-widget-heading\" data-id=\"de6094b\" data-element_type=\"widget\" data-e-type=\"widget\" data-settings=\"{&quot;_animation&quot;:&quot;fadeIn&quot;}\" data-widget_type=\"heading.default\">\n\t\t\t\t\t<h3 class=\"elementor-heading-title elementor-size-default\">Fill out the form <br>or call us<\/h3>\t\t\t\t<\/div>\n\t\t\t\t<div class=\"elementor-element elementor-element-7a3a103 elementor-widget__width-initial elementor-widget elementor-widget-text-editor\" data-id=\"7a3a103\" data-element_type=\"widget\" data-e-type=\"widget\" data-widget_type=\"text-editor.default\">\n\t\t\t\t\t\t\t\t\t<p>\u0417\u0430\u043b\u0438\u0448\u0438\u0432\u0441\u044f \u043e\u0441\u0442\u0430\u043d\u043d\u0456\u0439 \u043a\u0440\u043e\u043a, \u0449\u043e\u0431 \u0437\u0430\u0431\u0440\u043e\u043d\u044e\u0432\u0430\u0442\u0438 \u043c\u0456\u0441\u0446\u0435 \u0434\u043b\u044f \u0441\u0432\u043e\u0454\u0457 \u043d\u0430\u0441\u0442\u0443\u043f\u043d\u043e\u0457 \u043f\u0440\u0438\u0433\u043e\u0434\u0438!<\/p><p>Call us or fill out the form, and we\u2019ll contact you within 24 hours to confirm your registration.<\/p>\t\t\t\t\t\t\t\t<\/div>\n\t\t\t\t<div class=\"elementor-element elementor-element-e6c74ef e-transform elementor-align-center elementor-widget__width-initial elementor-widget elementor-widget-button\" data-id=\"e6c74ef\" data-element_type=\"widget\" data-e-type=\"widget\" data-settings=\"{&quot;_transform_scale_effect_hover&quot;:{&quot;unit&quot;:&quot;px&quot;,&quot;size&quot;:1.04,&quot;sizes&quot;:[]},&quot;_transform_scale_effect_hover_laptop&quot;:{&quot;unit&quot;:&quot;px&quot;,&quot;size&quot;:&quot;&quot;,&quot;sizes&quot;:[]},&quot;_transform_scale_effect_hover_tablet&quot;:{&quot;unit&quot;:&quot;px&quot;,&quot;size&quot;:&quot;&quot;,&quot;sizes&quot;:[]},&quot;_transform_scale_effect_hover_mobile&quot;:{&quot;unit&quot;:&quot;px&quot;,&quot;size&quot;:&quot;&quot;,&quot;sizes&quot;:[]}}\" data-widget_type=\"button.default\">\n\t\t\t\t\t\t\t\t\t\t<a class=\"elementor-button elementor-button-link elementor-size-sm\" href=\"tel:+48690642668\">\n\t\t\t\t\t\t<span class=\"elementor-button-content-wrapper\">\n\t\t\t\t\t\t\t\t\t<span class=\"elementor-button-text\">+48 690 642 668<\/span>\n\t\t\t\t\t<\/span>\n\t\t\t\t\t<\/a>\n\t\t\t\t\t\t\t\t<\/div>\n\t\t\t\t<\/div>\n\t\t<div class=\"elementor-element elementor-element-142e086 e-con-full e-flex e-con e-child\" data-id=\"142e086\" data-element_type=\"container\" data-e-type=\"container\" data-settings=\"{&quot;background_background&quot;:&quot;classic&quot;}\">\n\t\t\t\t<div class=\"elementor-element elementor-element-3224681 eael-wpforms-form-button-full-width eael-wpforms-labels-yes elementor-widget elementor-widget-eael-wpforms\" data-id=\"3224681\" data-element_type=\"widget\" data-e-type=\"widget\" data-widget_type=\"eael-wpforms.default\">\n\t\t\t\t\t            <div class=\"eael-contact-form eael-wpforms eael-wpforms-align-default\">\n                                <div class=\"wpforms-container wpforms-container-full wpforms-render-modern\" id=\"wpforms-2725\"><form id=\"wpforms-form-2725\" class=\"wpforms-validate wpforms-form wpforms-ajax-form\" data-formid=\"2725\" method=\"post\" enctype=\"multipart\/form-data\" action=\"\/en\/wp-json\/wp\/v2\/pages\/2729\" data-token=\"29cec4cdc3d6db8dfd7185270214e439\" data-token-time=\"1776706997\" data-trp-original-action=\"\/en\/wp-json\/wp\/v2\/pages\/2729\"><noscript class=\"wpforms-error-noscript\">Please enable JavaScript in your browser to complete this form.<\/noscript><div class=\"wpforms-hidden\" id=\"wpforms-error-noscript\">Please enable JavaScript in your browser to complete this form.<\/div><div class=\"wpforms-field-container\"><div id=\"wpforms-2725-field_1-container\" class=\"wpforms-field wpforms-field-name\" data-field-id=\"1\"><label class=\"wpforms-field-label\" for=\"wpforms-2725-field_1\">Full name <span class=\"wpforms-required-label\" aria-hidden=\"true\">*<\/span><\/label><input type=\"text\" id=\"wpforms-2725-field_1\" class=\"wpforms-field-large wpforms-field-required\" name=\"wpforms[fields][1]\" aria-errormessage=\"wpforms-2725-field_1-error\" required><\/div><div id=\"wpforms-2725-field_2-container\" class=\"wpforms-field wpforms-field-layout\" data-field-id=\"2\"><label class=\"wpforms-field-label wpforms-label-hide\" aria-hidden=\"false\">System<\/label><div class=\"wpforms-field-layout-rows wpforms-field-large\"><div class=\"wpforms-layout-row\"><div class=\"wpforms-layout-column wpforms-layout-column-50\"><div id=\"wpforms-2725-field_3-container\" class=\"wpforms-field wpforms-field-phone\" data-field-id=\"3\"><label class=\"wpforms-field-label\" for=\"wpforms-2725-field_3\">Phone <span class=\"wpforms-required-label\" aria-hidden=\"true\">*<\/span><\/label><input type=\"tel\" id=\"wpforms-2725-field_3\" class=\"wpforms-field-medium wpforms-field-required wpforms-smart-phone-field\" data-rule-smart-phone-field=\"true\" name=\"wpforms[fields][3]\" aria-errormessage=\"wpforms-2725-field_3-error\" required><\/div><\/div><div class=\"wpforms-layout-column wpforms-layout-column-50\"><div id=\"wpforms-2725-field_4-container\" class=\"wpforms-field wpforms-field-email\" data-field-id=\"4\"><label class=\"wpforms-field-label\" for=\"wpforms-2725-field_4\">Email address <span class=\"wpforms-required-label\" aria-hidden=\"true\">*<\/span><\/label><input type=\"email\" id=\"wpforms-2725-field_4\" class=\"wpforms-field-medium wpforms-field-required\" name=\"wpforms[fields][4]\" spellcheck=\"false\" aria-errormessage=\"wpforms-2725-field_4-error\" required><\/div><\/div><\/div><\/div><\/div><div id=\"wpforms-2725-field_8-container\" class=\"wpforms-field wpforms-field-select wpforms-field-select-style-classic\" data-field-id=\"8\"><label class=\"wpforms-field-label\" for=\"wpforms-2725-field_8\">Selected trip <span class=\"wpforms-required-label\" aria-hidden=\"true\">*<\/span><\/label><select id=\"wpforms-2725-field_8\" class=\"wpforms-field-large wpforms-field-required\" name=\"wpforms[fields][8]\" required=\"required\"><option value=\"\" class=\"placeholder\" disabled selected='selected'>Select a trip from the list<\/option><option value=\"2760\" >Banana museum and 2 beaches<\/option><option value=\"2684\" >Laurisylwa Anaga &amp; Las Teresitas<\/option><option value=\"2917\" >Laurisylwa Anaga &amp; Las Teresitas 02\/04\/26<\/option><option value=\"2761\" >Masca, Garachico and Icod de las vinos<\/option><option value=\"2785\" >The unreal lava fields around Chinyero<\/option><\/select><\/div><div id=\"wpforms-2725-field_6-container\" class=\"wpforms-field wpforms-field-textarea\" data-field-id=\"6\"><label class=\"wpforms-field-label\" for=\"wpforms-2725-field_6\">Additional information<\/label><textarea id=\"wpforms-2725-field_6\" class=\"wpforms-field-medium\" name=\"wpforms[fields][6]\" placeholder=\"Allergies, medications, injuries or other important information for the guide\" aria-errormessage=\"wpforms-2725-field_6-error\" ><\/textarea><\/div><div id=\"wpforms-2725-field_7-container\" class=\"wpforms-field wpforms-field-checkbox\" data-field-id=\"7\"><fieldset><legend class=\"wpforms-field-label wpforms-label-hide\" aria-hidden=\"false\">GDPR <span class=\"wpforms-required-label\" aria-hidden=\"true\">*<\/span><\/legend><ul id=\"wpforms-2725-field_7\" class=\"wpforms-field-required\"><li class=\"choice-1 depth-1\"><input type=\"checkbox\" id=\"wpforms-2725-field_7_1\" name=\"wpforms[fields][7][]\" value=\"Zgodnie z art. 6 ust. 1 lit. a og\u00f3lnego rozporz\u0105dzenia o ochronie danych z dnia 27 kwietnia 2016r. ( Dz. Urz. UE L 119 z dnia 04.05.2016r.) i polityk\u0105 prywatno\u015bci wyra\u017cam zgod\u0119 na przetwarzanie moich danych osobowych w celu obs\u0142ugi wys\u0142anego zapytania\" aria-errormessage=\"wpforms-2725-field_7_1-error\" required><label class=\"wpforms-field-label-inline\" for=\"wpforms-2725-field_7_1\">In accordance with Article 6(1)(a) of the General Data Protection Regulation of April 27, 2016 (Official Journal of the EU L 119 of 04.05.2016), and the privacy policy, I consent to the processing of my personal data for the purpose of handling the submitted inquiry<\/label><\/li><\/ul><\/fieldset><\/div><\/div><!-- .wpforms-field-container --><div class=\"wpforms-recaptcha-container wpforms-is-recaptcha wpforms-is-recaptcha-type-v3\" ><input type=\"hidden\" name=\"wpforms[recaptcha]\" value=\"\"><\/div><div class=\"wpforms-submit-container\" ><input type=\"hidden\" name=\"wpforms[id]\" value=\"2725\"><input type=\"hidden\" name=\"page_title\" value=\"\"><input type=\"hidden\" name=\"page_url\" value=\"https:\/\/brightmountadventure.com\/en\/wp-json\/wp\/v2\/pages\/2729\"><button type=\"submit\" name=\"wpforms[submit]\" id=\"wpforms-submit-2725\" class=\"wpforms-submit\" data-alt-text=\"Wysy\u0142anie...\" data-submit-text=\"Wy\u015blij wiadomo\u015b\u0107\" aria-live=\"assertive\" value=\"wpforms-submit\">Send message<\/button><img decoding=\"async\" src=\"https:\/\/brightmountadventure.com\/wp-content\/plugins\/wpforms\/assets\/images\/submit-spin.svg\" class=\"wpforms-submit-spinner\" style=\"display: none;\" width=\"26\" height=\"26\" alt=\"Loading\"><\/div><input type=\"hidden\" name=\"trp-form-language\" value=\"en\"\/><\/form><\/div>  <!-- .wpforms-container -->            <\/div>\n\t\t\t\t<\/div>\n\t\t\t\t<\/div>\n\t\t\t\t\t<\/div>\n\t\t\t\t<\/div>\n\t\t\t\t<\/div>\n\t\t\t\t<\/div>","protected":false},"excerpt":{"rendered":"<p>Zapis na wycieczk\u0119 Ostatni krok przed Twoj\u0105 jednodniow\u0105 przygod\u0105 Wype\u0142nij formularz lub zadzwo\u0144 do nas Zosta\u0142 ostatni krok do tego, [&hellip;]<\/p>","protected":false},"author":3,"featured_media":0,"parent":0,"menu_order":0,"comment_status":"closed","ping_status":"closed","template":"","meta":{"site-sidebar-layout":"no-sidebar","site-content-layout":"","ast-site-content-layout":"full-width-container","site-content-style":"default","site-sidebar-style":"default","ast-global-header-display":"","ast-banner-title-visibility":"","ast-main-header-display":"","ast-hfb-above-header-display":"","ast-hfb-below-header-display":"","ast-hfb-mobile-header-display":"","site-post-title":"disabled","ast-breadcrumbs-content":"","ast-featured-img":"disabled","footer-sml-layout":"","theme-transparent-header-meta":"","adv-header-id-meta":"","stick-header-meta":"","header-above-stick-meta":"","header-main-stick-meta":"","header-below-stick-meta":"","astra-migrate-meta-layouts":"default","ast-page-background-enabled":"default","ast-page-background-meta":{"desktop":{"background-color":"var(--ast-global-color-5)","background-image":"","background-repeat":"repeat","background-position":"center center","background-size":"auto","background-attachment":"scroll","background-type":"","background-media":"","overlay-type":"","overlay-color":"","overlay-opacity":"","overlay-gradient":""},"tablet":{"background-color":"","background-image":"","background-repeat":"repeat","background-position":"center center","background-size":"auto","background-attachment":"scroll","background-type":"","background-media":"","overlay-type":"","overlay-color":"","overlay-opacity":"","overlay-gradient":""},"mobile":{"background-color":"","background-image":"","background-repeat":"repeat","background-position":"center center","background-size":"auto","background-attachment":"scroll","background-type":"","background-media":"","overlay-type":"","overlay-color":"","overlay-opacity":"","overlay-gradient":""}},"ast-content-background-meta":{"desktop":{"background-color":"var(--ast-global-color-4)","background-image":"","background-repeat":"repeat","background-position":"center center","background-size":"auto","background-attachment":"scroll","background-type":"","background-media":"","overlay-type":"","overlay-color":"","overlay-opacity":"","overlay-gradient":""},"tablet":{"background-color":"var(--ast-global-color-4)","background-image":"","background-repeat":"repeat","background-position":"center center","background-size":"auto","background-attachment":"scroll","background-type":"","background-media":"","overlay-type":"","overlay-color":"","overlay-opacity":"","overlay-gradient":""},"mobile":{"background-color":"var(--ast-global-color-4)","background-image":"","background-repeat":"repeat","background-position":"center center","background-size":"auto","background-attachment":"scroll","background-type":"","background-media":"","overlay-type":"","overlay-color":"","overlay-opacity":"","overlay-gradient":""}},"footnotes":""},"class_list":["post-2729","page","type-page","status-publish","hentry"],"_links":{"self":[{"href":"https:\/\/brightmountadventure.com\/en\/wp-json\/wp\/v2\/pages\/2729","targetHints":{"allow":["GET"]}}],"collection":[{"href":"https:\/\/brightmountadventure.com\/en\/wp-json\/wp\/v2\/pages"}],"about":[{"href":"https:\/\/brightmountadventure.com\/en\/wp-json\/wp\/v2\/types\/page"}],"author":[{"embeddable":true,"href":"https:\/\/brightmountadventure.com\/en\/wp-json\/wp\/v2\/users\/3"}],"replies":[{"embeddable":true,"href":"https:\/\/brightmountadventure.com\/en\/wp-json\/wp\/v2\/comments?post=2729"}],"version-history":[{"count":0,"href":"https:\/\/brightmountadventure.com\/en\/wp-json\/wp\/v2\/pages\/2729\/revisions"}],"wp:attachment":[{"href":"https:\/\/brightmountadventure.com\/en\/wp-json\/wp\/v2\/media?parent=2729"}],"curies":[{"name":"wp","href":"https:\/\/api.w.org\/{rel}","templated":true}]}}