{"id":63,"date":"2025-07-21T00:25:21","date_gmt":"2025-07-20T22:25:21","guid":{"rendered":"https:\/\/brightmountadventure.com\/?page_id=63"},"modified":"2025-08-06T15:40:10","modified_gmt":"2025-08-06T13:40:10","slug":"polityka-prywatnosci","status":"publish","type":"page","link":"https:\/\/brightmountadventure.com\/en\/polityka-prywatnosci\/","title":{"rendered":"Privacy policy"},"content":{"rendered":"<div data-elementor-type=\"wp-page\" data-elementor-id=\"63\" class=\"elementor elementor-63\" data-elementor-post-type=\"page\">\n\t\t\t\t<div class=\"elementor-element elementor-element-0d0511b e-flex e-con-boxed e-con e-parent\" data-id=\"0d0511b\" data-element_type=\"container\" data-e-type=\"container\" data-settings=\"{&quot;background_background&quot;:&quot;classic&quot;,&quot;position&quot;:&quot;fixed&quot;}\">\n\t\t\t\t\t<div class=\"e-con-inner\">\n\t\t\t\t\t<\/div>\n\t\t\t\t<\/div>\n\t\t<div class=\"elementor-element elementor-element-3039631 e-con-full e-flex e-con e-parent\" data-id=\"3039631\" data-element_type=\"container\" data-e-type=\"container\" data-settings=\"{&quot;background_background&quot;:&quot;classic&quot;}\">\n\t\t<div class=\"elementor-element elementor-element-d13ae3d e-con-full e-flex e-con e-child\" data-id=\"d13ae3d\" data-element_type=\"container\" data-e-type=\"container\" data-settings=\"{&quot;background_background&quot;:&quot;classic&quot;}\">\n\t\t\t\t<div class=\"elementor-element elementor-element-9c7dbef animated-slow elementor-invisible elementor-widget elementor-widget-heading\" data-id=\"9c7dbef\" data-element_type=\"widget\" data-e-type=\"widget\" data-settings=\"{&quot;_animation&quot;:&quot;fadeIn&quot;}\" data-widget_type=\"heading.default\">\n\t\t\t\t\t<h1 class=\"elementor-heading-title elementor-size-default\">Privacy policy<\/h1>\t\t\t\t<\/div>\n\t\t\t\t<div class=\"elementor-element elementor-element-bc9cb1e animated-slow elementor-invisible elementor-widget elementor-widget-heading\" data-id=\"bc9cb1e\" data-element_type=\"widget\" data-e-type=\"widget\" data-settings=\"{&quot;_animation&quot;:&quot;fadeIn&quot;}\" data-widget_type=\"heading.default\">\n\t\t\t\t\t<h2 class=\"elementor-heading-title elementor-size-default\">How we process your data<\/h2>\t\t\t\t<\/div>\n\t\t\t\t<\/div>\n\t\t\t\t<\/div>\n\t\t<div class=\"elementor-element elementor-element-be5fe70 e-flex e-con-boxed e-con e-parent\" data-id=\"be5fe70\" data-element_type=\"container\" data-e-type=\"container\" data-settings=\"{&quot;background_background&quot;:&quot;classic&quot;}\">\n\t\t\t\t\t<div class=\"e-con-inner\">\n\t\t\t\t<div class=\"elementor-element elementor-element-36fe031d animated-slow elementor-invisible elementor-widget elementor-widget-text-editor\" data-id=\"36fe031d\" data-element_type=\"widget\" data-e-type=\"widget\" data-settings=\"{&quot;_animation&quot;:&quot;fadeIn&quot;}\" data-widget_type=\"text-editor.default\">\n\t\t\t\t\t\t\t\t\t<p>The privacy policy describes how we process information about you, including personal data and cookies.<\/p>\t\t\t\t\t\t\t\t<\/div>\n\t\t\t\t<div class=\"elementor-element elementor-element-170b450d animated-slow elementor-invisible elementor-widget elementor-widget-text-editor\" data-id=\"170b450d\" data-element_type=\"widget\" data-e-type=\"widget\" data-settings=\"{&quot;_animation&quot;:&quot;fadeIn&quot;}\" data-widget_type=\"text-editor.default\">\n\t\t\t\t\t\t\t\t\t<p>1. General information<\/p>\t\t\t\t\t\t\t\t<\/div>\n\t\t\t\t<div class=\"elementor-element elementor-element-1d187ecd animated-slow elementor-invisible elementor-widget elementor-widget-text-editor\" data-id=\"1d187ecd\" data-element_type=\"widget\" data-e-type=\"widget\" data-settings=\"{&quot;_animation&quot;:&quot;fadeIn&quot;}\" data-widget_type=\"text-editor.default\">\n\t\t\t\t\t\t\t\t\t<ol><li>This policy applies to the website operating at the following url address:\u00a0<strong>brightmountadventure.com<\/strong><\/li><li>The website operator and personal data controller is: Oleg Novosolov, ul. Ameriga Vespicciego 33\/13, 51-505 Wroc\u0142aw<\/li><li>Operator&#039;s email contact address: kontakt@brightmountadventure.com<\/li><li>The Operator is the Administrator of your personal data in relation to the data provided voluntarily on the Website.<\/li><li>The website uses personal data for the following purposes:<br \/>a) Handling inquiries via the form<\/li><li>The website performs the functions of obtaining information about users and their behavior in the following way:<br \/>a) Through data entered voluntarily in forms, which are entered into the Operator&#039;s systems.<br \/>b) By saving cookie files (so-called &quot;cookies&quot;) in end devices.<\/li><\/ol>\t\t\t\t\t\t\t\t<\/div>\n\t\t\t\t<div class=\"elementor-element elementor-element-1c86d2d9 animated-slow elementor-invisible elementor-widget elementor-widget-text-editor\" data-id=\"1c86d2d9\" data-element_type=\"widget\" data-e-type=\"widget\" data-settings=\"{&quot;_animation&quot;:&quot;fadeIn&quot;}\" data-widget_type=\"text-editor.default\">\n\t\t\t\t\t\t\t\t\t<p>2. Selected data protection methods used by the Operator<\/p>\t\t\t\t\t\t\t\t<\/div>\n\t\t\t\t<div class=\"elementor-element elementor-element-159b8214 animated-slow elementor-invisible elementor-widget elementor-widget-text-editor\" data-id=\"159b8214\" data-element_type=\"widget\" data-e-type=\"widget\" data-settings=\"{&quot;_animation&quot;:&quot;fadeIn&quot;}\" data-widget_type=\"text-editor.default\">\n\t\t\t\t\t\t\t\t\t<ol><li>The areas where you log in and enter personal data are protected at the transmission layer (SSL certificate). This means that personal data and login information entered on the website are encrypted on the user&#039;s computer and can only be read by the target server.<\/li><li>The operator periodically changes its administrative passwords.<\/li><li>An important element of data protection is the regular updating of all software used by the Operator to process personal data, which in particular means regular updates of programming components.<\/li><\/ol>\t\t\t\t\t\t\t\t<\/div>\n\t\t\t\t<div class=\"elementor-element elementor-element-6c3bca1f animated-slow elementor-invisible elementor-widget elementor-widget-text-editor\" data-id=\"6c3bca1f\" data-element_type=\"widget\" data-e-type=\"widget\" data-settings=\"{&quot;_animation&quot;:&quot;fadeIn&quot;}\" data-widget_type=\"text-editor.default\">\n\t\t\t\t\t\t\t\t\t<p>3. Hosting<\/p>\t\t\t\t\t\t\t\t<\/div>\n\t\t\t\t<div class=\"elementor-element elementor-element-1da4d0a4 animated-slow elementor-invisible elementor-widget elementor-widget-text-editor\" data-id=\"1da4d0a4\" data-element_type=\"widget\" data-e-type=\"widget\" data-settings=\"{&quot;_animation&quot;:&quot;fadeIn&quot;}\" data-widget_type=\"text-editor.default\">\n\t\t\t\t\t\t\t\t\t<ol><li>The website is hosted (technically maintained) on the operator&#039;s servers: LH<\/li><li>To ensure technical reliability, the hosting company maintains server-level logs. The following may be recorded:<br \/>a) resources specified by the URL identifier (addresses of requested resources \u2013 pages, files),<br \/>b) time of arrival of the request,<br \/>c) time of sending the response,<br \/>d) name of the client station \u2013 identification performed via the HTTP protocol,<br \/>e) information about errors that occurred during the execution of the HTTP transaction,<br \/>f) URL address of the page previously visited by the user (referrer link) \u2013 if the Website was accessed via a link,<br \/>g) information about the user&#039;s browser,<br \/>h) IP address information,<br \/>i) diagnostic information related to the process of self-ordering services via the registers on the website,<br \/>j) information related to the handling of e-mail addressed to the Operator and sent by the Operator.<\/li><\/ol>\t\t\t\t\t\t\t\t<\/div>\n\t\t\t\t<div class=\"elementor-element elementor-element-78ec2547 animated-slow elementor-invisible elementor-widget elementor-widget-text-editor\" data-id=\"78ec2547\" data-element_type=\"widget\" data-e-type=\"widget\" data-settings=\"{&quot;_animation&quot;:&quot;fadeIn&quot;}\" data-widget_type=\"text-editor.default\">\n\t\t\t\t\t\t\t\t\t<p>4. Your rights and additional information on how your data is used<\/p>\t\t\t\t\t\t\t\t<\/div>\n\t\t\t\t<div class=\"elementor-element elementor-element-78499b6f animated-slow elementor-invisible elementor-widget elementor-widget-text-editor\" data-id=\"78499b6f\" data-element_type=\"widget\" data-e-type=\"widget\" data-settings=\"{&quot;_animation&quot;:&quot;fadeIn&quot;}\" data-widget_type=\"text-editor.default\">\n\t\t\t\t\t\t\t\t\t<ol><li>In certain situations, the Controller has the right to transfer your personal data to other recipients if this is necessary to perform the contract concluded with you or to fulfill the Controller&#039;s obligations. This applies to the following groups of recipients:<br \/>a) hosting company on an entrusted basis<br \/>b) couriers<br \/>c) payment operators<\/li><li>Your personal data will be processed by the Administrator for no longer than necessary to perform the related activities specified in separate regulations (e.g., accounting regulations). With respect to marketing data, the data will not be processed for longer than 3 years.<\/li><li>You have the right to request from the Administrator:<br \/>a) access to your personal data,<br \/>b) their rectification,<br \/>c) deletion,<br \/>d) processing restrictions,<br \/>e) and data transfer.<\/li><li>You have the right to object to the processing indicated in point 3.2 to the processing of personal data for the purpose of pursuing legitimate interests pursued by the Controller, including profiling, however, the right to object cannot be exercised if there are valid legitimate grounds for processing, overriding interests, rights and freedoms towards you, in particular the establishment, exercise or defense of claims.<\/li><li>You may lodge a complaint against the Administrator&#039;s actions with the President of the Personal Data Protection Office, ul. Stawki 2, 00-193 Warsaw.<\/li><li>Providing personal data is voluntary, but necessary to operate the Website.<\/li><li>You may be subject to automated decision-making, including profiling, for the purpose of providing services under the concluded contract and for the purpose of conducting direct marketing by the Controller.<\/li><li>Personal data is not transferred to third countries within the meaning of data protection regulations. This means that we do not transfer it outside the European Union.<\/li><\/ol>\t\t\t\t\t\t\t\t<\/div>\n\t\t\t\t<div class=\"elementor-element elementor-element-62386095 animated-slow elementor-invisible elementor-widget elementor-widget-text-editor\" data-id=\"62386095\" data-element_type=\"widget\" data-e-type=\"widget\" data-settings=\"{&quot;_animation&quot;:&quot;fadeIn&quot;}\" data-widget_type=\"text-editor.default\">\n\t\t\t\t\t\t\t\t\t<p>5. Information in forms<\/p>\t\t\t\t\t\t\t\t<\/div>\n\t\t\t\t<div class=\"elementor-element elementor-element-151a8c6a animated-slow elementor-invisible elementor-widget elementor-widget-text-editor\" data-id=\"151a8c6a\" data-element_type=\"widget\" data-e-type=\"widget\" data-settings=\"{&quot;_animation&quot;:&quot;fadeIn&quot;}\" data-widget_type=\"text-editor.default\">\n\t\t\t\t\t\t\t\t\t<ol><li>The website collects information provided voluntarily by the user, including personal data, if provided.<\/li><li>The website may save information about connection parameters (time stamp, IP address).<\/li><li>In some cases, the website may store information to facilitate linking the data in a form with the email address of the user completing the form. In such cases, the user&#039;s email address appears within the URL of the page containing the form.<\/li><li>The data provided in the form is processed for the purpose resulting from the function of a specific form, e.g. to process a service request or sales contact, register services, etc. In each case, the context and description of the form clearly indicate its purpose.<\/li><\/ol>\t\t\t\t\t\t\t\t<\/div>\n\t\t\t\t<div class=\"elementor-element elementor-element-7b440709 animated-slow elementor-invisible elementor-widget elementor-widget-text-editor\" data-id=\"7b440709\" data-element_type=\"widget\" data-e-type=\"widget\" data-settings=\"{&quot;_animation&quot;:&quot;fadeIn&quot;}\" data-widget_type=\"text-editor.default\">\n\t\t\t\t\t\t\t\t\t<p>6. Administrator Logs<\/p>\t\t\t\t\t\t\t\t<\/div>\n\t\t\t\t<div class=\"elementor-element elementor-element-5eecea2f animated-slow elementor-invisible elementor-widget elementor-widget-text-editor\" data-id=\"5eecea2f\" data-element_type=\"widget\" data-e-type=\"widget\" data-settings=\"{&quot;_animation&quot;:&quot;fadeIn&quot;}\" data-widget_type=\"text-editor.default\">\n\t\t\t\t\t\t\t\t\t<ol><li>Information about user behavior on the website may be subject to logging. This data is used for website administration purposes.<\/li><\/ol>\t\t\t\t\t\t\t\t<\/div>\n\t\t\t\t<div class=\"elementor-element elementor-element-70b9a220 animated-slow elementor-invisible elementor-widget elementor-widget-text-editor\" data-id=\"70b9a220\" data-element_type=\"widget\" data-e-type=\"widget\" data-settings=\"{&quot;_animation&quot;:&quot;fadeIn&quot;}\" data-widget_type=\"text-editor.default\">\n\t\t\t\t\t\t\t\t\t<p>7. Important Marketing Techniques<\/p>\t\t\t\t\t\t\t\t<\/div>\n\t\t\t\t<div class=\"elementor-element elementor-element-bbb06dd animated-slow elementor-invisible elementor-widget elementor-widget-text-editor\" data-id=\"bbb06dd\" data-element_type=\"widget\" data-e-type=\"widget\" data-settings=\"{&quot;_animation&quot;:&quot;fadeIn&quot;}\" data-widget_type=\"text-editor.default\">\n\t\t\t\t\t\t\t\t\t<ol><li>The operator uses statistical analysis of website traffic through Google Analytics (Google Inc., based in the USA). The operator does not provide personal data to the operator of this service, only anonymized information. The service relies on the use of cookies on the user&#039;s end device. In terms of information about user preferences collected by the Google advertising network, the user can view and edit information derived from cookies using the tool: https:\/\/www.google.com\/ads\/preferences\/<\/li><\/ol>\t\t\t\t\t\t\t\t<\/div>\n\t\t\t\t<div class=\"elementor-element elementor-element-997ac1c animated-slow elementor-invisible elementor-widget elementor-widget-text-editor\" data-id=\"997ac1c\" data-element_type=\"widget\" data-e-type=\"widget\" data-settings=\"{&quot;_animation&quot;:&quot;fadeIn&quot;}\" data-widget_type=\"text-editor.default\">\n\t\t\t\t\t\t\t\t\t<p>8. Information about cookies<\/p>\t\t\t\t\t\t\t\t<\/div>\n\t\t\t\t<div class=\"elementor-element elementor-element-425e55b7 animated-slow elementor-invisible elementor-widget elementor-widget-text-editor\" data-id=\"425e55b7\" data-element_type=\"widget\" data-e-type=\"widget\" data-settings=\"{&quot;_animation&quot;:&quot;fadeIn&quot;}\" data-widget_type=\"text-editor.default\">\n\t\t\t\t\t\t\t\t\t<ol><li>The website uses cookies.<\/li><li>Cookies are computer data, specifically text files, stored on the Website User&#039;s end device and intended for use with the Website&#039;s websites. Cookies typically contain the name of the website they originate from, the duration of their storage on the end device, and a unique number.<\/li><li>The entity that places cookies on the Website User&#039;s end device and obtains access to them is the Website operator.<\/li><li>Cookies are used for the following purposes:<br \/>a) maintaining the Website user&#039;s session (after logging in), thanks to which the user does not have to re-enter their login and password on each subpage of the Website;<br \/>b) achieving the objectives set out above in the \u201cRelevant Marketing Techniques\u201d section;<\/li><li>The Website uses two basic types of cookies: &quot;session cookies&quot; and &quot;persistent cookies.&quot; &quot;Session&quot; cookies are temporary files that are stored on the User&#039;s end device until logging out, leaving the website, or disabling the software (web browser). &quot;Persistent&quot; cookies are stored on the User&#039;s end device for the time specified in the cookie parameters or until they are deleted by the User.<\/li><li>Web browsing software (web browser) typically allows cookies to be stored on the user&#039;s end device by default. Website users can change their settings in this regard. The web browser allows the deletion of cookies. It is also possible to automatically block cookies. Detailed information on this topic can be found in the help or documentation provided by the web browser.<\/li><li>Restrictions on the use of cookies may affect some of the functionalities available on the Website.<\/li><li>Cookies placed on the Website User&#039;s end device may also be used by entities cooperating with the Website operator, in particular the following companies: Google (Google Inc. with its registered office in the USA), Facebook (Facebook Inc. with its registered office in the USA), Twitter (Twitter Inc. with its registered office in the USA).<\/li><\/ol>\t\t\t\t\t\t\t\t<\/div>\n\t\t\t\t<div class=\"elementor-element elementor-element-520561de animated-slow elementor-invisible elementor-widget elementor-widget-text-editor\" data-id=\"520561de\" data-element_type=\"widget\" data-e-type=\"widget\" data-settings=\"{&quot;_animation&quot;:&quot;fadeIn&quot;}\" data-widget_type=\"text-editor.default\">\n\t\t\t\t\t\t\t\t\t<p>9. Cookie management \u2013 how to express and withdraw consent in practice?<\/p>\t\t\t\t\t\t\t\t<\/div>\n\t\t\t\t<div class=\"elementor-element elementor-element-63f606b animated-slow elementor-invisible elementor-widget elementor-widget-text-editor\" data-id=\"63f606b\" data-element_type=\"widget\" data-e-type=\"widget\" data-settings=\"{&quot;_animation&quot;:&quot;fadeIn&quot;}\" data-widget_type=\"text-editor.default\">\n\t\t\t\t\t\t\t\t\t<ol><li>If you do not wish to receive cookies, you may change your browser settings. Please note that disabling cookies required for authentication, security, and maintaining user preferences may make it difficult, and in extreme cases, impossible, to use our websites.<\/li><li>To manage cookie settings, select the web browser you are using from the list below and follow the instructions:<ul><li><a href=\"https:\/\/support.microsoft.com\/pl-pl\/help\/10607\/microsoft-edge-view-delete-browser-history\" target=\"_blank\" rel=\"noopener\">Edge<\/a><\/li><li><a href=\"https:\/\/support.microsoft.com\/pl-pl\/help\/278835\/how-to-delete-cookie-files-in-internet-explorer\" target=\"_blank\" rel=\"noopener\">Internet Explorer<\/a><\/li><li><a href=\"http:\/\/support.google.com\/chrome\/bin\/answer.py?hl=pl&amp;answer=95647\" target=\"_blank\" rel=\"noopener\">Chrome<\/a><\/li><li><a href=\"http:\/\/support.apple.com\/kb\/PH5042\" target=\"_blank\" rel=\"noopener\">Safari<\/a><\/li><li><a href=\"http:\/\/support.mozilla.org\/pl\/kb\/W%C5%82%C4%85czanie%20i%20wy%C5%82%C4%85czanie%20obs%C5%82ugi%20ciasteczek\" target=\"_blank\" rel=\"noopener\">Firefox<\/a><\/li><li><a href=\"http:\/\/help.opera.com\/Windows\/12.10\/pl\/cookies.html\" target=\"_blank\" rel=\"noopener\">Opera<\/a><\/li><\/ul><\/li><\/ol>\t\t\t\t\t\t\t\t<\/div>\n\t\t\t\t<div class=\"elementor-element elementor-element-1ddeeb3c animated-slow elementor-invisible elementor-widget elementor-widget-text-editor\" data-id=\"1ddeeb3c\" data-element_type=\"widget\" data-e-type=\"widget\" data-settings=\"{&quot;_animation&quot;:&quot;fadeIn&quot;}\" data-widget_type=\"text-editor.default\">\n\t\t\t\t\t\t\t\t\t<p>Mobile devices:<\/p>\t\t\t\t\t\t\t\t<\/div>\n\t\t\t\t<div class=\"elementor-element elementor-element-43f7e94b animated-slow elementor-invisible elementor-widget elementor-widget-text-editor\" data-id=\"43f7e94b\" data-element_type=\"widget\" data-e-type=\"widget\" data-settings=\"{&quot;_animation&quot;:&quot;fadeIn&quot;}\" data-widget_type=\"text-editor.default\">\n\t\t\t\t\t\t\t\t\t<ul><li style=\"list-style-type: none;\"><ul><li style=\"list-style-type: none;\"><ul><li><a href=\"http:\/\/support.google.com\/chrome\/bin\/answer.py?hl=pl&amp;answer=95647\" target=\"_blank\" rel=\"noopener\">Android<\/a><\/li><li><a href=\"http:\/\/support.apple.com\/kb\/HT1677?viewlocale=pl_PL\" target=\"_blank\" rel=\"noopener\">Safari (iOS)<\/a><\/li><li><a href=\"http:\/\/www.windowsphone.com\/pl-pl\/how-to\/wp7\/web\/changing-privacy-and-other-browser-settings\" target=\"_blank\" rel=\"noopener\">Windows Phone<\/a><\/li><\/ul><\/li><\/ul><\/li><\/ul>\t\t\t\t\t\t\t\t<\/div>\n\t\t\t\t\t<\/div>\n\t\t\t\t<\/div>\n\t\t\t\t<\/div>","protected":false},"excerpt":{"rendered":"<p>Polityka prywatno\u015bci Jak przetwarzamy Twoje dane Polityka prywatno\u015bci opisuje zasady przetwarzania przez nas informacji na Tw\u00f3j temat, w tym danych [&hellip;]<\/p>","protected":false},"author":3,"featured_media":0,"parent":0,"menu_order":0,"comment_status":"closed","ping_status":"closed","template":"","meta":{"site-sidebar-layout":"no-sidebar","site-content-layout":"","ast-site-content-layout":"full-width-container","site-content-style":"default","site-sidebar-style":"default","ast-global-header-display":"","ast-banner-title-visibility":"","ast-main-header-display":"","ast-hfb-above-header-display":"","ast-hfb-below-header-display":"","ast-hfb-mobile-header-display":"","site-post-title":"disabled","ast-breadcrumbs-content":"","ast-featured-img":"disabled","footer-sml-layout":"","theme-transparent-header-meta":"","adv-header-id-meta":"","stick-header-meta":"","header-above-stick-meta":"","header-main-stick-meta":"","header-below-stick-meta":"","astra-migrate-meta-layouts":"default","ast-page-background-enabled":"default","ast-page-background-meta":{"desktop":{"background-color":"var(--ast-global-color-5)","background-image":"","background-repeat":"repeat","background-position":"center center","background-size":"auto","background-attachment":"scroll","background-type":"","background-media":"","overlay-type":"","overlay-color":"","overlay-opacity":"","overlay-gradient":""},"tablet":{"background-color":"","background-image":"","background-repeat":"repeat","background-position":"center center","background-size":"auto","background-attachment":"scroll","background-type":"","background-media":"","overlay-type":"","overlay-color":"","overlay-opacity":"","overlay-gradient":""},"mobile":{"background-color":"","background-image":"","background-repeat":"repeat","background-position":"center center","background-size":"auto","background-attachment":"scroll","background-type":"","background-media":"","overlay-type":"","overlay-color":"","overlay-opacity":"","overlay-gradient":""}},"ast-content-background-meta":{"desktop":{"background-color":"var(--ast-global-color-4)","background-image":"","background-repeat":"repeat","background-position":"center center","background-size":"auto","background-attachment":"scroll","background-type":"","background-media":"","overlay-type":"","overlay-color":"","overlay-opacity":"","overlay-gradient":""},"tablet":{"background-color":"var(--ast-global-color-4)","background-image":"","background-repeat":"repeat","background-position":"center center","background-size":"auto","background-attachment":"scroll","background-type":"","background-media":"","overlay-type":"","overlay-color":"","overlay-opacity":"","overlay-gradient":""},"mobile":{"background-color":"var(--ast-global-color-4)","background-image":"","background-repeat":"repeat","background-position":"center center","background-size":"auto","background-attachment":"scroll","background-type":"","background-media":"","overlay-type":"","overlay-color":"","overlay-opacity":"","overlay-gradient":""}},"footnotes":""},"class_list":["post-63","page","type-page","status-publish","hentry"],"_links":{"self":[{"href":"https:\/\/brightmountadventure.com\/en\/wp-json\/wp\/v2\/pages\/63","targetHints":{"allow":["GET"]}}],"collection":[{"href":"https:\/\/brightmountadventure.com\/en\/wp-json\/wp\/v2\/pages"}],"about":[{"href":"https:\/\/brightmountadventure.com\/en\/wp-json\/wp\/v2\/types\/page"}],"author":[{"embeddable":true,"href":"https:\/\/brightmountadventure.com\/en\/wp-json\/wp\/v2\/users\/3"}],"replies":[{"embeddable":true,"href":"https:\/\/brightmountadventure.com\/en\/wp-json\/wp\/v2\/comments?post=63"}],"version-history":[{"count":0,"href":"https:\/\/brightmountadventure.com\/en\/wp-json\/wp\/v2\/pages\/63\/revisions"}],"wp:attachment":[{"href":"https:\/\/brightmountadventure.com\/en\/wp-json\/wp\/v2\/media?parent=63"}],"curies":[{"name":"wp","href":"https:\/\/api.w.org\/{rel}","templated":true}]}}